{"id":143,"date":"2016-09-11T14:58:03","date_gmt":"2016-09-11T12:58:03","guid":{"rendered":"http:\/\/www.eistraeumerei.de\/eiscafe\/?page_id=143"},"modified":"2016-10-10T18:11:22","modified_gmt":"2016-10-10T16:11:22","slug":"die-neuen-raeume","status":"publish","type":"page","link":"https:\/\/www.eistraeumerei.de\/eiscafe\/die-neuen-raeume\/","title":{"rendered":"Die neuen R\u00e4ume in der 1. Etage"},"content":{"rendered":"<p>&#8230; ein Platz zum Wohlf\u00fchlen und f\u00fcr Ihre Feiern. Sprechen Sie uns an &#8230;<\/p>\n<p><img loading=\"lazy\" decoding=\"async\" class=\"alignleft size-full wp-image-136\" src=\"http:\/\/www.eistraeumerei.de\/eiscafe\/wp-content\/uploads\/2016\/09\/4-1200.jpg\" alt=\"4-1200\" width=\"1200\" height=\"500\" srcset=\"https:\/\/www.eistraeumerei.de\/eiscafe\/wp-content\/uploads\/2016\/09\/4-1200.jpg 1200w, https:\/\/www.eistraeumerei.de\/eiscafe\/wp-content\/uploads\/2016\/09\/4-1200-300x125.jpg 300w, https:\/\/www.eistraeumerei.de\/eiscafe\/wp-content\/uploads\/2016\/09\/4-1200-768x320.jpg 768w, https:\/\/www.eistraeumerei.de\/eiscafe\/wp-content\/uploads\/2016\/09\/4-1200-1024x427.jpg 1024w\" sizes=\"auto, (max-width: 1200px) 100vw, 1200px\" \/><\/p>\n<p><img loading=\"lazy\" decoding=\"async\" class=\"alignleft size-full wp-image-137\" src=\"http:\/\/www.eistraeumerei.de\/eiscafe\/wp-content\/uploads\/2016\/09\/5-1200.jpg\" alt=\"5-1200\" width=\"1200\" height=\"500\" srcset=\"https:\/\/www.eistraeumerei.de\/eiscafe\/wp-content\/uploads\/2016\/09\/5-1200.jpg 1200w, https:\/\/www.eistraeumerei.de\/eiscafe\/wp-content\/uploads\/2016\/09\/5-1200-300x125.jpg 300w, https:\/\/www.eistraeumerei.de\/eiscafe\/wp-content\/uploads\/2016\/09\/5-1200-768x320.jpg 768w, https:\/\/www.eistraeumerei.de\/eiscafe\/wp-content\/uploads\/2016\/09\/5-1200-1024x427.jpg 1024w\" sizes=\"auto, (max-width: 1200px) 100vw, 1200px\" \/><\/p>\n","protected":false},"excerpt":{"rendered":"<p>&#8230; ein Platz zum Wohlf\u00fchlen und f\u00fcr Ihre Feiern. Sprechen Sie uns an &#8230;<\/p>\n","protected":false},"author":1,"featured_media":0,"parent":0,"menu_order":0,"comment_status":"closed","ping_status":"closed","template":"","meta":{"ngg_post_thumbnail":0,"footnotes":""},"class_list":["post-143","page","type-page","status-publish","hentry"],"aioseo_notices":[],"_links":{"self":[{"href":"https:\/\/www.eistraeumerei.de\/eiscafe\/wp-json\/wp\/v2\/pages\/143","targetHints":{"allow":["GET"]}}],"collection":[{"href":"https:\/\/www.eistraeumerei.de\/eiscafe\/wp-json\/wp\/v2\/pages"}],"about":[{"href":"https:\/\/www.eistraeumerei.de\/eiscafe\/wp-json\/wp\/v2\/types\/page"}],"author":[{"embeddable":true,"href":"https:\/\/www.eistraeumerei.de\/eiscafe\/wp-json\/wp\/v2\/users\/1"}],"replies":[{"embeddable":true,"href":"https:\/\/www.eistraeumerei.de\/eiscafe\/wp-json\/wp\/v2\/comments?post=143"}],"version-history":[{"count":0,"href":"https:\/\/www.eistraeumerei.de\/eiscafe\/wp-json\/wp\/v2\/pages\/143\/revisions"}],"wp:attachment":[{"href":"https:\/\/www.eistraeumerei.de\/eiscafe\/wp-json\/wp\/v2\/media?parent=143"}],"curies":[{"name":"wp","href":"https:\/\/api.w.org\/{rel}","templated":true}]}}