{"id":32,"date":"2016-06-12T14:43:02","date_gmt":"2016-06-12T12:43:02","guid":{"rendered":"http:\/\/www.eistraeumerei.de\/eiscafe\/?page_id=32"},"modified":"2016-09-11T14:55:03","modified_gmt":"2016-09-11T12:55:03","slug":"bewertungen","status":"publish","type":"page","link":"https:\/\/www.eistraeumerei.de\/eiscafe\/bewertungen\/","title":{"rendered":"Bewertungen"},"content":{"rendered":"<h3 class=\"r\"><img loading=\"lazy\" decoding=\"async\" class=\"alignleft size-full wp-image-134\" src=\"http:\/\/www.eistraeumerei.de\/eiscafe\/wp-content\/uploads\/2016\/09\/2-1200.jpg\" alt=\"2-1200\" width=\"1200\" height=\"500\" srcset=\"https:\/\/www.eistraeumerei.de\/eiscafe\/wp-content\/uploads\/2016\/09\/2-1200.jpg 1200w, https:\/\/www.eistraeumerei.de\/eiscafe\/wp-content\/uploads\/2016\/09\/2-1200-300x125.jpg 300w, https:\/\/www.eistraeumerei.de\/eiscafe\/wp-content\/uploads\/2016\/09\/2-1200-768x320.jpg 768w, https:\/\/www.eistraeumerei.de\/eiscafe\/wp-content\/uploads\/2016\/09\/2-1200-1024x427.jpg 1024w\" sizes=\"auto, (max-width: 1200px) 100vw, 1200px\" \/><\/h3>\n<h3 class=\"r\"><a href=\"https:\/\/www.golocal.de\/leipzig\/eiscafes\/eistraeumerei-YUtS9\/\">Eistr\u00e4umerei &#8211; Leipzig St\u00f6tteritz &#8211; Riebeckstr. | golocal<\/a><\/h3>\n<div class=\"s\">\n<div>\n<div class=\"f kv _SWb\"><cite class=\"_Rm bc\">www.golocal.de \u203a Leipzig<\/cite><\/div>\n<\/div>\n<\/div>\n<div class=\"f slp\">Bewertung: 5* &#8211; \u200e12 Rezensionen<\/div>\n<p><span class=\"st\">&#8222;Tolle Eisdiele in Leipzigs Osten! Preislich und geschmacklich absolut empfehlenswert.&#8220; Jetzt klicken und komplette <em>Bewertung<\/em> bei golocal lesen!<\/span><\/p>\n<hr \/>\n<h3 class=\"r\"><a href=\"https:\/\/www.yelp.de\/biz\/eistr%C3%A4umerei-leipzig\">Eistr\u00e4umerei &#8211; Caf\u00e9 &#8211; Riebeckstr. 23 &#8211; Leipzig, Sachsen &#8211; Beitr\u00e4ge zu &#8230;<\/a><\/h3>\n<div class=\"s\">\n<div>\n<div class=\"f kv _SWb\"><cite class=\"_Rm bc\">www.yelp.de \u203a Restaurant \u203a Caf\u00e9<\/cite><\/div>\n<\/div>\n<\/div>\n<div class=\"f slp\">Bewertung: 4,5* &#8211; \u200e4 Rezensionen &#8211; \u200ePreisspanne: Unter 10 \u20ac<\/div>\n<p><span class=\"st\">4 Beitr\u00e4ge zu <em>Eistr\u00e4umerei<\/em> &#8222;Hier gibt es wirklich sehr leckeres Eis. Man kann drau\u00dfen und gem\u00fctlich drinnen sitzen. Das Personal ist sehr freundlich. Auf jeden\u00a0&#8230;<\/span><\/p>\n<hr \/>\n<h3 class=\"r\"><a href=\"https:\/\/de-de.facebook.com\/Eistraeumerei\">Caf\u00e9 &#8222;Eistr\u00e4umerei&#8220; | Facebook<\/a><\/h3>\n<div class=\"s\">\n<div>\n<div class=\"f kv _SWb\"><cite class=\"_Rm bc\">de-de.facebook.com \u203a Orte \u203a Leipzig \u203a Caf\u00e9<\/cite><\/div>\n<\/div>\n<\/div>\n<div class=\"f slp\">Bewertung: 4,7* &#8211; \u200e113 Abstimmungsergebnisse<\/div>\n<p><span class=\"st\">Caf\u00e9 &#8222;<em>Eistr\u00e4umerei<\/em>&#8222;, Leipzig. &#8230; 4,7 von 5 Sternen von 113 <em>Bewertungen<\/em> &#8230;. Mit dem Gedanken: &#8222;Mal sehen, wie das Eis der <em>Eistr\u00e4umerei<\/em> bewertet wird.<\/span><\/p>\n<hr \/>\n<h3 class=\"r\"><a href=\"http:\/\/www.urbanite.net\/de\/leipzig\/locations\/cafe-eistraeumerei\/\">Caf\u00e9 Eistr\u00e4umerei &#8211; Eisdielen, Leipzig | urbanite.net<\/a><\/h3>\n<div class=\"s\">\n<div>\n<div class=\"f kv _SWb\"><cite class=\"_Rm\">www.urbanite.net\/de\/leipzig\/locations\/cafe-<b>eistraeumerei<\/b>\/<\/cite><\/div>\n<\/div>\n<\/div>\n<div class=\"f slp\">Bewertung: 8,3\/10* &#8211; \u200e3 Abstimmungsergebnisse<\/div>\n<p><span class=\"st\">Eis ist die absolute Leidenschaft des Caf\u00e9s &#8222;<em>Eistr\u00e4umerei<\/em>&#8222;. Hier kann man hin und wieder &#8230; Caf\u00e9 <em>Eistr\u00e4umerei<\/em>8,3 \/ 10 mit 3 <em>Bewertungen<\/em> und 2 Kommentar(en<wbr \/>).<\/span><\/p>\n<hr \/>\n<div class=\"rc\" data-hveid=\"87\">\n<h3 class=\"r\"><a href=\"https:\/\/schlemmerblock.de\/Gutschein\/Caf-Eistraeumerei-04317-Leipzig_97413\">Caf\u00e9 Eistr\u00e4umerei \u00bb Leipzig &amp; Umgebung 2016 \u00bb Schlemmerblock.de<\/a><\/h3>\n<div class=\"s\">\n<div>\n<div class=\"f kv _SWb\"><cite class=\"_Rm\">https:\/\/schlemmerblock.de\/&#8230;\/Caf-<b>Eistraeumerei<\/b>-04317-Leipzig_97413<\/cite><\/div>\n<p><span class=\"st\">Schlemmerblock.de \u00b7 Leipzig &amp; Umgebung 2016 \u00b7 Caf\u00e9 <em>Eistr\u00e4umerei<\/em><br \/>\n<em>Bewertungen<\/em>: &#8230; Caf\u00e9 <em>Eistr\u00e4umerei<\/em>\u00a0&#8230;<\/span><\/p>\n<\/div>\n<\/div>\n<\/div>\n","protected":false},"excerpt":{"rendered":"<p>Eistr\u00e4umerei &#8211; Leipzig St\u00f6tteritz &#8211; Riebeckstr. | golocal www.golocal.de \u203a Leipzig Bewertung: 5* &#8211; \u200e12 Rezensionen &#8222;Tolle Eisdiele in Leipzigs Osten! Preislich und geschmacklich<a class=\"moretag\" href=\"https:\/\/www.eistraeumerei.de\/eiscafe\/bewertungen\/\">Read More&#8230;<\/a><\/p>\n","protected":false},"author":1,"featured_media":0,"parent":0,"menu_order":5,"comment_status":"closed","ping_status":"closed","template":"","meta":{"ngg_post_thumbnail":0,"footnotes":""},"class_list":["post-32","page","type-page","status-publish","hentry"],"aioseo_notices":[],"_links":{"self":[{"href":"https:\/\/www.eistraeumerei.de\/eiscafe\/wp-json\/wp\/v2\/pages\/32","targetHints":{"allow":["GET"]}}],"collection":[{"href":"https:\/\/www.eistraeumerei.de\/eiscafe\/wp-json\/wp\/v2\/pages"}],"about":[{"href":"https:\/\/www.eistraeumerei.de\/eiscafe\/wp-json\/wp\/v2\/types\/page"}],"author":[{"embeddable":true,"href":"https:\/\/www.eistraeumerei.de\/eiscafe\/wp-json\/wp\/v2\/users\/1"}],"replies":[{"embeddable":true,"href":"https:\/\/www.eistraeumerei.de\/eiscafe\/wp-json\/wp\/v2\/comments?post=32"}],"version-history":[{"count":0,"href":"https:\/\/www.eistraeumerei.de\/eiscafe\/wp-json\/wp\/v2\/pages\/32\/revisions"}],"wp:attachment":[{"href":"https:\/\/www.eistraeumerei.de\/eiscafe\/wp-json\/wp\/v2\/media?parent=32"}],"curies":[{"name":"wp","href":"https:\/\/api.w.org\/{rel}","templated":true}]}}